{"id":79,"date":"2022-11-08T13:28:16","date_gmt":"2022-11-08T13:28:16","guid":{"rendered":"http:\/\/3.75.227.152\/?page_id=79"},"modified":"2025-11-16T12:37:00","modified_gmt":"2025-11-16T12:37:00","slug":"disclaimer","status":"publish","type":"page","link":"https:\/\/web.finqube.io\/de\/disclaimer\/","title":{"rendered":"Haftungsausschluss (Disclaimer)"},"content":{"rendered":"<div data-elementor-type=\"wp-page\" data-elementor-id=\"79\" class=\"elementor elementor-79\" data-elementor-settings=\"{&quot;ha_cmc_init_switcher&quot;:&quot;no&quot;}\">\n\t\t\t\t\t\t<section class=\"elementor-section elementor-top-section elementor-element elementor-element-44872cd elementor-section-boxed elementor-section-height-default elementor-section-height-default exad-glass-effect-no wpr-particle-no wpr-jarallax-no wpr-parallax-no wpr-sticky-section-no exad-sticky-section-no\" data-id=\"44872cd\" data-element_type=\"section\" data-settings=\"{&quot;_ha_eqh_enable&quot;:false}\">\n\t\t\t\t\t\t<div class=\"elementor-container elementor-column-gap-default\">\n\t\t\t\t\t<div class=\"elementor-column elementor-col-100 elementor-top-column elementor-element elementor-element-4960633 exad-glass-effect-no exad-sticky-section-no\" data-id=\"4960633\" data-element_type=\"column\">\n\t\t\t<div class=\"elementor-widget-wrap elementor-element-populated\">\n\t\t\t\t\t\t<div class=\"elementor-element elementor-element-77e3eef exad-sticky-section-no exad-glass-effect-no elementor-widget elementor-widget-spacer\" data-id=\"77e3eef\" data-element_type=\"widget\" data-widget_type=\"spacer.default\">\n\t\t\t\t<div class=\"elementor-widget-container\">\n\t\t\t\t\t\t\t<div class=\"elementor-spacer\">\n\t\t\t<div class=\"elementor-spacer-inner\"><\/div>\n\t\t<\/div>\n\t\t\t\t\t\t<\/div>\n\t\t\t\t<\/div>\n\t\t\t\t<div class=\"elementor-element elementor-element-fde4198 exad-sticky-section-no exad-glass-effect-no elementor-widget elementor-widget-heading\" data-id=\"fde4198\" data-element_type=\"widget\" data-widget_type=\"heading.default\">\n\t\t\t\t<div class=\"elementor-widget-container\">\n\t\t\t\t\t<h2 class=\"elementor-heading-title elementor-size-default\">Haftungsausschluss (Disclaimer)<\/h2>\t\t\t\t<\/div>\n\t\t\t\t<\/div>\n\t\t\t\t<div class=\"elementor-element elementor-element-7795e52 exad-sticky-section-no exad-glass-effect-no elementor-widget elementor-widget-spacer\" data-id=\"7795e52\" data-element_type=\"widget\" data-widget_type=\"spacer.default\">\n\t\t\t\t<div class=\"elementor-widget-container\">\n\t\t\t\t\t\t\t<div class=\"elementor-spacer\">\n\t\t\t<div class=\"elementor-spacer-inner\"><\/div>\n\t\t<\/div>\n\t\t\t\t\t\t<\/div>\n\t\t\t\t<\/div>\n\t\t\t\t\t<\/div>\n\t\t<\/div>\n\t\t\t\t\t<\/div>\n\t\t<\/section>\n\t\t\t\t<section class=\"elementor-section elementor-top-section elementor-element elementor-element-ecfa1a1 elementor-section-boxed elementor-section-height-default elementor-section-height-default exad-glass-effect-no wpr-particle-no wpr-jarallax-no wpr-parallax-no wpr-sticky-section-no exad-sticky-section-no\" data-id=\"ecfa1a1\" data-element_type=\"section\" data-settings=\"{&quot;_ha_eqh_enable&quot;:false}\">\n\t\t\t\t\t\t<div class=\"elementor-container elementor-column-gap-default\">\n\t\t\t\t\t<div class=\"elementor-column elementor-col-100 elementor-top-column elementor-element elementor-element-72e52b6 exad-glass-effect-no exad-sticky-section-no\" data-id=\"72e52b6\" data-element_type=\"column\">\n\t\t\t<div class=\"elementor-widget-wrap elementor-element-populated\">\n\t\t\t\t\t\t<div class=\"elementor-element elementor-element-d78763a exad-sticky-section-no exad-glass-effect-no elementor-widget elementor-widget-text-editor\" data-id=\"d78763a\" data-element_type=\"widget\" data-widget_type=\"text-editor.default\">\n\t\t\t\t<div class=\"elementor-widget-container\">\n\t\t\t\t\t\t\t\t\t<p><strong>Finqube GmbH<\/strong><b><br \/><\/b><span style=\"font-weight: 400;\">Kolonnenstr. 8<\/span><span style=\"font-weight: 400;\"><br \/><\/span><span style=\"font-weight: 400;\">10827 Berlin<\/span><span style=\"font-weight: 400;\"><br \/><\/span><span style=\"font-weight: 400;\">Deutschland<\/span><span style=\"font-weight: 400;\"><br \/><\/span><span style=\"font-weight: 400;\">Email: contact@finqube.de<\/span><\/p><p><span style=\"font-weight: 400;\">Letzte \u00c4nderung: November 2025<\/span><\/p><h2><span style=\"color: #1ba2da;\"><b>1. Keine Anlageberatung oder Anlagevermittlung<\/b><\/span><\/h2><ol><li style=\"list-style-type: none;\"><ol><li>Die auf Finqube bereitgestellten Inhalte, Daten, Analysen und Funktionen stellen keine Anlageberatung, keine Anlageempfehlung, keine Portfolioverwaltungsleistung und keine Vermittlung von Finanzinstrumenten dar.<\/li><li class=\"translation-block\">Finqube ist weder:<\/li><\/ol><\/li><\/ol><ul><li style=\"list-style-type: none;\"><ol><li style=\"list-style-type: none;\"><ul><li><span style=\"font-weight: 400;\">eine Bank,<\/span><\/li><li><span style=\"font-weight: 400;\">ein Finanzberater,<\/span><\/li><li><span style=\"font-weight: 400;\">ein Broker oder Vermittler,<\/span><\/li><li><span style=\"font-weight: 400;\">noch ein lizenziertes Wertpapierunternehmen,<\/span><\/li><li>und verf\u00fcgt \u00fcber keine BaFin-Lizenz f\u00fcr Anlageberatung oder Verm\u00f6gensverwaltung.<\/li><\/ul><\/li><\/ol><\/li><\/ul><p>\u00a0 \u00a0 3. Alle bereitgestellten Inhalte, Tools und Analysen dienen ausschlie\u00dflich Informations- und Analysezwecken und sind ausschlie\u00dflich bestimmt f\u00fcr:<\/p><ul><li style=\"list-style-type: none;\"><ul><li style=\"list-style-type: none;\"><ul><li>Datenanalyse,<\/li><li>Portfoliobetrachtung,<\/li><li>Auswertung und Visualisierung,<\/li><li>die Unterst\u00fctzung der Nutzer bei ihrer eigenen Entscheidungsfindung.<\/li><\/ul><\/li><\/ul><\/li><\/ul><p>\u00a0 \u00a0 4. Die Nutzer treffen s\u00e4mtliche Investitionsentscheidungen <strong>eigenverantwortlich<\/strong> und <b>auf eigenes Risiko.<\/b>.<\/p><h2><span style=\"color: #1ba2da;\"><b>2. Keine Gew\u00e4hr f\u00fcr Richtigkeit, Vollst\u00e4ndigkeit und Aktualit\u00e4t<\/b><\/span><\/h2><ol><li style=\"list-style-type: none;\"><ol><li><span style=\"font-weight: 400;\">Die auf Finqube angezeigten Finanzdaten und Marktdaten stammen teilweise von Drittanbietern, B\u00f6rsen, APIs und Datenlieferanten.<\/span><\/li><li class=\"translation-block\">Wir \u00fcbernehmen keine Garantie f\u00fcr die:<\/li><\/ol><\/li><\/ol><ul><li style=\"list-style-type: none;\"><ul><li style=\"list-style-type: none;\"><ul><li style=\"font-weight: 400;\" aria-level=\"1\"><span style=\"font-weight: 400;\">Richtigkeit,<\/span><\/li><li style=\"font-weight: 400;\" aria-level=\"1\"><span style=\"font-weight: 400;\">Vollst\u00e4ndigkeit,<\/span><\/li><li style=\"font-weight: 400;\" aria-level=\"1\"><span style=\"font-weight: 400;\">Aktualit\u00e4t<\/span><\/li><li style=\"font-weight: 400;\" aria-level=\"1\"><span style=\"font-weight: 400;\">oder Verf\u00fcgbarkeit<\/span><\/li><\/ul><\/li><\/ul><\/li><\/ul><p>\u00a0 \u00a0 der auf der Plattform angezeigten Daten.<\/p><p><span style=\"font-weight: 400;\">\u00a0 \u00a0 3. Dies umfasst insbesondere:<\/span><\/p><ul><li style=\"list-style-type: none;\"><ul><li style=\"list-style-type: none;\"><ul><li style=\"font-weight: 400;\" aria-level=\"1\"><span style=\"font-weight: 400;\">Marktpreise<\/span><\/li><li style=\"font-weight: 400;\" aria-level=\"1\"><span style=\"font-weight: 400;\">historische Daten<\/span><\/li><li style=\"font-weight: 400;\" aria-level=\"1\"><span style=\"font-weight: 400;\">Unternehmensdaten<\/span><\/li><li style=\"font-weight: 400;\" aria-level=\"1\"><span style=\"font-weight: 400;\">Dividenden<\/span><\/li><li style=\"font-weight: 400;\" aria-level=\"1\"><span style=\"font-weight: 400;\">Screenings<\/span><\/li><li style=\"font-weight: 400;\" aria-level=\"1\"><span style=\"font-weight: 400;\">Fundamentaldaten<\/span><\/li><li style=\"font-weight: 400;\" aria-level=\"1\"><span style=\"font-weight: 400;\">technische Indikatoren<\/span><\/li><\/ul><\/li><\/ul><\/li><\/ul><h2><span style=\"color: #1ba2da;\"><b>3. Keine Haftung f\u00fcr finanzielle Verluste<\/b><\/span><\/h2><ol><li style=\"list-style-type: none;\"><ol><li>Finqube \u00fcbernimmt keine Verantwortung f\u00fcr Verluste oder Sch\u00e4den, die daraus entstehen, dass Nutzer sich auf die auf der Plattform bereitgestellten Daten, Analysen oder Funktionen verlassen. Dies umfasst insbesondere:<\/li><\/ol><\/li><\/ol><ul><li style=\"list-style-type: none;\"><ul><li style=\"list-style-type: none;\"><ul><li style=\"font-weight: 400;\" aria-level=\"1\">Datenbezogene Risiken:<ul><li style=\"font-weight: 400;\" aria-level=\"1\">falsche, unvollst\u00e4ndige oder veraltete Finanzdaten,<\/li><li style=\"font-weight: 400;\" aria-level=\"1\">verz\u00f6gerte, fehlende oder nicht verf\u00fcgbare Marktdaten oder API-Daten,<\/li><li style=\"font-weight: 400;\" aria-level=\"1\">unzureichende Datenverf\u00fcgbarkeit,<\/li><\/ul><\/li><\/ul><\/li><li style=\"list-style-type: none;\">\u00a0<ul><li style=\"font-weight: 400;\" aria-level=\"1\">Technische und operationelle Risiken:<ul><li aria-level=\"1\">technische Probleme,<\/li><li aria-level=\"1\">Systemausf\u00e4lle oder<\/li><li aria-level=\"1\">Plattform-St\u00f6rungen,<\/li><\/ul><\/li><\/ul><\/li><\/ul><\/li><\/ul><ul><li style=\"list-style-type: none;\"><ul><li style=\"list-style-type: none;\"><ul><li>Interpretations- und Entscheidungsrisiken:<ul><li>Fehlinterpretationen von Charts, Analysen oder Finanzkennzahlen,<\/li><li>das Vertrauen auf angezeigte Daten, Scores, Ratings, Screenings oder Bewertungen,<\/li><li>Investmententscheidungen, die auf Basis der Tools oder Analysen von Finqube getroffen werden,<\/li><li>Verluste, die aus Kauf- oder Verkaufsentscheidungen resultieren,<\/li><\/ul><\/li><\/ul><\/li><\/ul><\/li><\/ul><p>\u00a0 \u00a0 2. Die Nutzung der Plattform erfolgt <strong>vollst\u00e4ndig auf eigenes Risiko des Nutzers.<\/strong>.<\/p><h2><span style=\"color: #1ba2da;\"><b>4. Backtesting, historische Simulationen &amp; Prognosen<\/b><\/span><\/h2><ol><li style=\"list-style-type: none;\"><ol><li><span style=\"font-weight: 400;\">Backtests, Simulationen, Modellberechnungen, Zukunftsprojektionen und historische Auswertungen:<\/span><\/li><\/ol><\/li><\/ol><ul><li style=\"list-style-type: none;\"><ul><li style=\"list-style-type: none;\"><ul><li style=\"font-weight: 400;\" aria-level=\"1\"><span style=\"font-weight: 400;\">stellen keine Garantie f\u00fcr zuk\u00fcnftige Entwicklungen dar<\/span><\/li><li style=\"font-weight: 400;\" aria-level=\"1\"><span style=\"font-weight: 400;\">k\u00f6nnen fehlerhaft, vereinfachend oder modellbedingt ungenau sein<\/span><\/li><li style=\"font-weight: 400;\" aria-level=\"1\"><span style=\"font-weight: 400;\">basieren auf Vergangenheitswerten, die keine R\u00fcckschl\u00fcsse auf die Zukunft erlauben<\/span><\/li><\/ul><\/li><\/ul><\/li><\/ul><p>\u00a0 \u00a0 2. Finqube haftet nicht f\u00fcr Entscheidungen, die auf Basis solcher Analysen getroffen werden.<\/p><h2><span style=\"color: #1ba2da;\"><b>5. Technical Availability<\/b><\/span><\/h2><ol><li style=\"list-style-type: none;\"><ol><li><span style=\"font-weight: 400;\">Finqube garantiert keine unterbrechungsfreie Verf\u00fcgbarkeit.<\/span><\/li><li><span style=\"font-weight: 400;\">Ausf\u00e4lle k\u00f6nnen auftreten aufgrund von:<\/span><\/li><\/ol><\/li><\/ol><ul><li style=\"list-style-type: none;\"><ul><li style=\"list-style-type: none;\"><ul><li style=\"font-weight: 400;\" aria-level=\"1\">Wartungsarbeiten<\/li><li style=\"font-weight: 400;\" aria-level=\"1\">Server- oder technischen Problemen<\/li><li style=\"font-weight: 400;\" aria-level=\"1\">Ausf\u00e4llen oder St\u00f6rungen externer Anbieter<\/li><li style=\"font-weight: 400;\" aria-level=\"1\">API-St\u00f6rungen oder Fehlern<\/li><li aria-level=\"1\">unvorhergesehenen technischen Ereignissen<\/li><\/ul><\/li><\/ul><\/li><\/ul><h2><span style=\"color: #1ba2da;\"><b>6. Externe Links<\/b><\/span><\/h2><ol><li style=\"list-style-type: none;\"><ol><li>Finqube kann Links zu externen Webseiten enthalten. Deren Inhalte liegen nicht in unserer Verantwortung.<\/li><li>F\u00fcr externe Seiten gilt:<\/li><\/ol><\/li><\/ol><ul><li style=\"list-style-type: none;\"><ul><li style=\"list-style-type: none;\"><ul><li>Finqube \u00fcbernimmt keine Haftung f\u00fcr deren Inhalte<\/li><li>Verantwortlich ist ausschlie\u00dflich der jeweilige Anbieter oder Betreiber<\/li><\/ul><\/li><\/ul><\/li><\/ul><h2><span style=\"color: #1ba2da;\"><b>7. Keine Gew\u00e4hr f\u00fcr unterbrechungsfreien Betrieb<\/b><\/span><\/h2><ol><li style=\"list-style-type: none;\"><ol><li>Finqube bem\u00fcht sich stets um eine technisch stabile Bereitstellung der Plattform.<\/li><li>Es besteht jedoch kein Anspruch auf:<\/li><\/ol><\/li><\/ol><ul><li style=\"list-style-type: none;\"><ul><li style=\"list-style-type: none;\"><ul><li>unterbrechungsfreien Betrieb<\/li><li>fehlerfreie Funktion<\/li><li>uneingeschr\u00e4nkte Verf\u00fcgbarkeit<\/li><li>Unterst\u00fctzung aller Ger\u00e4te- oder Browserkombinationen<\/li><\/ul><\/li><\/ul><\/li><\/ul><h2><span style=\"color: #1ba2da;\"><b>8. Nutzung auf eigenes Risiko<\/b><\/span><\/h2><ol><li style=\"list-style-type: none;\"><ol><li>Die Nutzung der Plattform finqube.io erfolgt vollst\u00e4ndig auf eigenes Risiko des Nutzers. S\u00e4mtliche Entscheidungen, die auf Grundlage der Plattform getroffen werden, liegen in der alleinigen Verantwortung des Nutzers. Nutzer tragen insbesondere die alleinige Verantwortung f\u00fcr:<\/li><\/ol><\/li><\/ol><ul><li style=\"list-style-type: none;\"><ul><li style=\"list-style-type: none;\"><ul><li style=\"font-weight: 400;\" aria-level=\"1\">Handels- und Investmententscheidungen<\/li><li style=\"font-weight: 400;\" aria-level=\"1\">steuerliche Konsequenzen<\/li><li style=\"font-weight: 400;\" aria-level=\"1\"><span style=\"font-weight: 400;\">die Interpretation von Daten<\/span><\/li><li style=\"font-weight: 400;\" aria-level=\"1\"><span style=\"font-weight: 400;\">die Verwaltung ihrer Portfolios<\/span><\/li><li aria-level=\"1\">jegliche fehlerhafte oder unzutreffende vom Nutzer eingegebene Daten<\/li><\/ul><\/li><\/ul><\/li><\/ul><p>\u00a0 \u00a0 2. Finqube \u00fcbernimmt keine Haftung f\u00fcr vom Nutzer eingegebene Daten oder eine missbr\u00e4uchliche Nutzung der Plattform.<\/p><h2><span style=\"color: #1ba2da;\"><b>9. \u00c4nderungen des Haftungsausschlusses (Disclaimer)<\/b><\/span><\/h2><ol><li style=\"list-style-type: none;\"><ol><li>Finqube beh\u00e4lt sich vor, diesen Haftungsausschluss bei Bedarf anzupassen oder zu erweitern.<\/li><li><span style=\"font-weight: 400;\">Die jeweils aktuelle Version ist auf finqube.io einsehbar.<\/span><\/li><\/ol><\/li><\/ol>\t\t\t\t\t\t\t\t<\/div>\n\t\t\t\t<\/div>\n\t\t\t\t\t<\/div>\n\t\t<\/div>\n\t\t\t\t\t<\/div>\n\t\t<\/section>\n\t\t\t\t<\/div>","protected":false},"excerpt":{"rendered":"<p>Disclaimer Finqube GmbHKolonnenstr. 810827 BerlinGermanyEmail: contact@finqube.de Last updated: November 2025 1. No Financial or Investment Advice The content, data, analyses and functionalities provided on Finqube do not constitute investment advice, investment recommendations, portfolio management services or the brokerage of financial instruments. Finqube is not: a bank a financial advisor a broker or intermediary a licensed investment firm nor does it hold a BaFin license for investment advice or asset management. \u00a0 \u00a0 3. All content, tools, and analytics are for informational and analytical purposes only and intended solely for: data analysis, portfolio assessment, evaluation and visualization, supporting users in their own decision-making process. \u00a0 \u00a0 4. Users make all investment decisions independently and at their own risk. 2. No Guarantee for Accuracy of Financial Data Finqube uses third-party APIs, market data providers and exchanges. We do not guarantee: accuracy completeness timeliness availability \u00a0 \u00a0 of any data displayed on the platform. \u00a0 \u00a0 3. This includes: market prices historical data company data dividends screenings fundamentals technical indicators 3. No Liability for Financial Losses Finqube assumes no responsibility for any losses or damages arising from users relying on the data, analyses or functionalities provided on the platform. This includes, in particular:: Data-related risks: incorrect, incomplete or outdated financial data, delayed, missing or unavailable market data or API data, insufficient data availability, \u00a0 Technical and operational risks technical issues, system downtime or platform outages, Interpretation and decision risks misinterpretations of charts, analyses or financial metrics, reliance on any data, scores, ratings, screeners or evaluations displayed on the platform, investment decisions made on the basis of Finqube\u2019s tools or analytics, losses resulting from buy or sell decisions, \u00a0 \u00a0 2. Use of the platform is entirely at the user\u2019s own risk. 4. Backtesting &amp; Simulations Analytical tools, forecasts, simulations and backtests: are hypothetical may contain errors or inaccuracies cannot predict future performance \u00a0 \u00a0 2. No simulation guarantees future results. 5. Technical Availability Finqube does not guarantee uninterrupted availability. Outages may occur due to: maintenance work server or technical issues failures or outages of external providers API disruptions or errors unforeseen technical events 6. External Links Finqube may contain links to external websites. The content of those external sites is not our responsibility. For external sites, the following applies: Finqube assumes no liability for their content Responsibility lies solely with the respective provider or website operator 7. No Guarantee of Uninterrupted Operation Finqube strives to provide a technically stable platform. However, there is no entitlement to: uninterrupted operation error-free functionality unrestricted availability support for all device or browser combinations 8. Use at Your Own Risk Use of the platform finqube.io is entirely at the user&#8217;s own risk. All decisions made on the basis of the platform are the sole responsibility of the user. Users remain solely responsible for: trading and investment decisions tax consequences interpreting data managing teir portfolios any incorrect or faulty user-entered data \u00a0 \u00a0 2. Finqube assumes no liability for user-entered data or any misuse of the platform. 9. Changes to This Disclaimer Finqube reserves the right to modify or expand this disclaimer as necessary. The latest version will always be published on finqube.io.<\/p>","protected":false},"author":2,"featured_media":0,"parent":0,"menu_order":0,"comment_status":"closed","ping_status":"closed","template":"elementor_header_footer","meta":{"zakra_page_container_layout":"customizer","zakra_page_sidebar_layout":"customizer","zakra_remove_content_margin":false,"zakra_sidebar":"customizer","zakra_transparent_header":"customizer","zakra_logo":0,"zakra_main_header_style":"default","zakra_menu_item_color":null,"zakra_menu_item_hover_color":"","zakra_menu_item_active_color":"","zakra_menu_active_style":"","zakra_page_header":true,"footnotes":""},"class_list":["post-79","page","type-page","status-publish","hentry"],"_links":{"self":[{"href":"https:\/\/web.finqube.io\/de\/wp-json\/wp\/v2\/pages\/79","targetHints":{"allow":["GET"]}}],"collection":[{"href":"https:\/\/web.finqube.io\/de\/wp-json\/wp\/v2\/pages"}],"about":[{"href":"https:\/\/web.finqube.io\/de\/wp-json\/wp\/v2\/types\/page"}],"author":[{"embeddable":true,"href":"https:\/\/web.finqube.io\/de\/wp-json\/wp\/v2\/users\/2"}],"replies":[{"embeddable":true,"href":"https:\/\/web.finqube.io\/de\/wp-json\/wp\/v2\/comments?post=79"}],"version-history":[{"count":76,"href":"https:\/\/web.finqube.io\/de\/wp-json\/wp\/v2\/pages\/79\/revisions"}],"predecessor-version":[{"id":2757,"href":"https:\/\/web.finqube.io\/de\/wp-json\/wp\/v2\/pages\/79\/revisions\/2757"}],"wp:attachment":[{"href":"https:\/\/web.finqube.io\/de\/wp-json\/wp\/v2\/media?parent=79"}],"curies":[{"name":"wp","href":"https:\/\/api.w.org\/{rel}","templated":true}]}}